{"id":1136,"date":"2015-03-04T18:26:11","date_gmt":"2015-03-04T18:26:11","guid":{"rendered":"https:\/\/comeniusmathematiques.portail15.fr\/?page_id=1136"},"modified":"2015-03-06T08:11:48","modified_gmt":"2015-03-06T08:11:48","slug":"ylamaen-koulu","status":"publish","type":"page","link":"https:\/\/comeniusmathematiques.portail15.fr\/?page_id=1136","title":{"rendered":"Yl\u00e4ma\u00ebn Koulu"},"content":{"rendered":"<p align=\"LEFT\"><span style=\"font-family: Verdana,sans-serif;\"><span style=\"font-size: small;\">Type d&#8217;organisme&gt; Ecole primaire (EDU-SCHPrm)<\/span><\/span><\/p> <p align=\"LEFT\"><span style=\"font-family: Verdana,sans-serif;\"><span style=\"font-size: small;\">P\u00e9rim\u00e8tre g\u00e9ographique&gt; local (L)<\/span><\/span><\/p> <p align=\"LEFT\"><span style=\"font-family: Verdana,sans-serif;\"><span style=\"font-size: small;\">Statut juridique&gt; Public (PB)<\/span><\/span><\/p> <p align=\"LEFT\"><span style=\"font-family: Verdana,sans-serif;\"><span style=\"font-size: small;\">Taille (personnel)&gt; 1 \u00e0 20<\/span><\/span><\/p> <p align=\"LEFT\"><span style=\"font-family: Verdana,sans-serif;\"><span style=\"font-size: small;\">Taille (\u00e9l\u00e8ves) &gt; 51 \u00e0 250<\/span><\/span><\/p> <p align=\"LEFT\"><span style=\"font-family: Verdana,sans-serif;\"><span style=\"font-size: small;\">Adresse l\u00e9gale&gt; Koulunm\u00e4ki 17<\/span><\/span><\/p> <p align=\"LEFT\"><span style=\"font-family: Verdana,sans-serif;\"><span style=\"font-size: small;\">Code postal&gt; 41900<\/span><\/span><\/p> <p align=\"LEFT\"><span style=\"font-family: Verdana,sans-serif;\"><span style=\"font-size: small;\">Ville&gt; <b>Pet\u00e4j\u00e4vesi<\/b><\/span><\/span><\/p> <p align=\"LEFT\"><span style=\"font-family: Verdana,sans-serif;\"><span style=\"font-size: small;\">Pays&gt; FI &#8211; <b>FINLANDE<\/b><\/span><\/span><\/p> <p align=\"LEFT\"><span style=\"font-family: Verdana,sans-serif;\"><span style=\"font-size: small;\">R\u00e9gion&gt; FI19 &#8211;<b> L\u00e4nsi-Suomi<\/b><\/span><\/span><\/p> <p align=\"LEFT\"><span style=\"font-family: Verdana,sans-serif;\"><span style=\"font-size: small;\">T\u00e9l\u00e9phone 1&gt; 0035 405 726 257<\/span><\/span><\/p> <p align=\"LEFT\"><span style=\"font-family: Verdana,sans-serif;\"><span style=\"font-size: small;\">Email&gt; <a href=\"mailto:ylamaki@petajavesi.fi\">ylamaki@petajavesi.fi<\/a> <\/span><\/span><\/p> <p align=\"LEFT\"><span style=\"font-family: Verdana,sans-serif;\"><span style=\"font-size: small;\">Site web&gt; <\/span><\/span><\/p> <p align=\"LEFT\"><span style=\"font-family: Verdana,sans-serif;\"><span style=\"font-size: small;\">PERSONNE DE CONTACT&gt; Monsieur <b>Matti Eskelinen<\/b>, koulounjohtaja (directeur)<\/span><\/span><\/p> <p align=\"LEFT\"><span style=\"font-family: Verdana,sans-serif;\"><span style=\"font-size: small;\">Email&gt; <a href=\"mailto:matti.eskelinen@petajavesi.fi\">matti.eskelinen@petajavesi.fi<\/a> <\/span><\/span><\/p> <p align=\"LEFT\"><span style=\"font-family: Verdana,sans-serif;\"><span style=\"font-size: small;\">Gsm&gt; 0033 671 635 906<\/span><\/span><\/p> <p align=\"LEFT\"><span style=\"font-family: Verdana,sans-serif;\"><span style=\"font-size: small;\">REPRESENTANT LEGAL&gt; Matti Eskelinen, koulounjohtaja (directeur)<\/span><\/span><\/p> <p align=\"LEFT\"><span style=\"font-family: Verdana,sans-serif;\"><span style=\"font-size: small;\">Organisme&gt; Yl\u00e4ma\u00ebn Koulu<\/span><\/span><\/p> <p align=\"LEFT\"><span style=\"font-family: Verdana,sans-serif;\"><span style=\"font-size: small;\">Email&gt; <a href=\"mailto:matti.eskelinen@petajavesi.fi\">matti.eskelinen@petajavesi.fi<\/a> <\/span><\/span><\/p> <p align=\"LEFT\"><span style=\"font-family: Verdana,sans-serif;\"><span style=\"font-size: small;\">DESCRIPTION&gt;<\/span><\/span><\/p> <p align=\"LEFT\"><span style=\"font-family: Verdana,sans-serif;\"><span style=\"font-size: small;\">Yl\u00e4m\u00e4en Koulu (l&#8217;\u00e9cole de Yl\u00e4m\u00e4) est une petite \u00e9cole dans la campagne de Pet\u00e4j\u00e4vesi. Elle est situ\u00e9e dans le centre de la Finlande \u00e0 300 km au nord d&#8217;Helsinki et \u00e0 35km \u00e0 l&#8217;ouest de Jyv\u00e4skyl\u00e4. L&#8217;\u00e9cole est situ\u00e9e dans le centre du village de Yl\u00e4-kintaus pr\u00e8s du Lac de Yl\u00e4-kintaus.<\/span><\/span><\/p> <p align=\"LEFT\"><span style=\"font-family: Verdana,sans-serif;\"><span style=\"font-size: small;\">Dans l&#8217;\u00e9cole, il y a actuellement 20 \u00e9l\u00e8ves (classes n\u00b00 \u00e0 6) et leur nombre va augmenter jusqu&#8217;\u00e0 37 dans les 5 futures ann\u00e9es. Il y a deux classes diff\u00e9rentes (0-2 et 3-6) et deux enseignants + un professeur d&#8217;anglais (4 heures par semaine) et un titulaire de besoin sp\u00e9cifique (5 heures par semaine).<\/span><\/span><\/p> <p align=\"LEFT\"><span style=\"font-family: Verdana,sans-serif;\"><span style=\"font-size: small;\">PROJETS PRECEDENTS<\/span><\/span><\/p> <p align=\"LEFT\"><span style=\"font-family: Verdana,sans-serif;\"><span style=\"font-size: small;\">Non<\/span><\/span><\/p> <p align=\"LEFT\"><span style=\"font-family: Verdana,sans-serif;\"><span style=\"font-size: small;\">La participation de l&#8217;organisme \u00e0 la candidature de partenariat est le r\u00e9sultat de : <\/span><\/span><\/p> <p align=\"LEFT\"><span style=\"font-family: Verdana,sans-serif;\"><span style=\"font-size: small;\">Visite pr\u00e9paratoire \u00e0 un futur organisme partenaire (PREP03)<\/span><\/span><\/p> <p align=\"LEFT\"><span style=\"font-family: Verdana,sans-serif;\"><span style=\"font-size: small;\">Num\u00e9ro de convention&gt; <\/span><\/span><\/p> ","protected":false},"excerpt":{"rendered":"<p>Type d&#8217;organisme&gt; Ecole primaire (EDU-SCHPrm) P\u00e9rim\u00e8tre g\u00e9ographique&gt; local (L) Statut juridique&gt; Public (PB) Taille (personnel)&gt; 1 \u00e0 20 Taille (\u00e9l\u00e8ves) &gt; 51 \u00e0 250 Adresse l\u00e9gale&gt; Koulunm\u00e4ki 17 Code postal&gt; 41900 Ville&gt; Pet\u00e4j\u00e4vesi Pays&gt; FI &#8211; FINLANDE R\u00e9gion&gt; FI19 &#8211; L\u00e4nsi-Suomi T\u00e9l\u00e9phone 1&gt; 0035 405 726 257 Email&gt; ylamaki@petajavesi.fi Site web&gt; PERSONNE DE CONTACT&gt; Monsieur [&hellip;]<\/p>\n","protected":false},"author":6,"featured_media":0,"parent":499,"menu_order":6,"comment_status":"closed","ping_status":"closed","template":"","meta":{"footnotes":""},"class_list":["post-1136","page","type-page","status-publish","hentry"],"_links":{"self":[{"href":"https:\/\/comeniusmathematiques.portail15.fr\/index.php?rest_route=\/wp\/v2\/pages\/1136","targetHints":{"allow":["GET"]}}],"collection":[{"href":"https:\/\/comeniusmathematiques.portail15.fr\/index.php?rest_route=\/wp\/v2\/pages"}],"about":[{"href":"https:\/\/comeniusmathematiques.portail15.fr\/index.php?rest_route=\/wp\/v2\/types\/page"}],"author":[{"embeddable":true,"href":"https:\/\/comeniusmathematiques.portail15.fr\/index.php?rest_route=\/wp\/v2\/users\/6"}],"replies":[{"embeddable":true,"href":"https:\/\/comeniusmathematiques.portail15.fr\/index.php?rest_route=%2Fwp%2Fv2%2Fcomments&post=1136"}],"version-history":[{"count":1,"href":"https:\/\/comeniusmathematiques.portail15.fr\/index.php?rest_route=\/wp\/v2\/pages\/1136\/revisions"}],"predecessor-version":[{"id":1137,"href":"https:\/\/comeniusmathematiques.portail15.fr\/index.php?rest_route=\/wp\/v2\/pages\/1136\/revisions\/1137"}],"up":[{"embeddable":true,"href":"https:\/\/comeniusmathematiques.portail15.fr\/index.php?rest_route=\/wp\/v2\/pages\/499"}],"wp:attachment":[{"href":"https:\/\/comeniusmathematiques.portail15.fr\/index.php?rest_route=%2Fwp%2Fv2%2Fmedia&parent=1136"}],"curies":[{"name":"wp","href":"https:\/\/api.w.org\/{rel}","templated":true}]}}