{"id":1905,"date":"2015-06-15T12:59:53","date_gmt":"2015-06-15T12:59:53","guid":{"rendered":"https:\/\/comeniusmathematiques.portail15.fr\/?page_id=1905"},"modified":"2015-06-17T06:38:28","modified_gmt":"2015-06-17T06:38:28","slug":"presentation-du-projet-a-bruxelles","status":"publish","type":"page","link":"https:\/\/comeniusmathematiques.portail15.fr\/?page_id=1905","title":{"rendered":"Pr\u00e9sentation du projet \u00e0 Bruxelles"},"content":{"rendered":"<p>Nous avons pr\u00e9sent\u00e9 le projet &#8220;les mathematiques un jeu d&#8217;enfant&#8221; le jeudi 4 juin 2015 au point\u00a0 Info Europa en face de la Commission Europ\u00e9enne.<\/p> <p>Voici l&#8217;ensemble de notre pr\u00e9sentation en images.<\/p> <p>Elle est d\u00e9coup\u00e9e en 11 chapitres, utilisez les outils de la playlist pour passer d&#8217;une vid\u00e9o \u00e0 l&#8217;autre.<\/p> <p><iframe loading=\"lazy\" src=\"https:\/\/www.youtube.com\/embed\/videoseries?list=PLAzzrJxDGqrh10mWXuGW-jjBQGe0Frt6R\" width=\"560\" height=\"315\" frameborder=\"0\" allowfullscreen=\"allowfullscreen\"><\/iframe><\/p> <p>We presented the project\u00a0<span id=\"result_box\" class=\"\" lang=\"en\"><span class=\"hps\">\u201cMathematics<\/span>, <span class=\"hps\">a children\u2019s<\/span> <span class=\"hps\">game\u201d<\/span><\/span> Thursday, June 4, 2015 at the Info Point Europa in front of the European Commission.<\/p> <p>Here our whole presentation images.<\/p> <p>It is divided into 11 chapters, use the Playlist tools to go from one video to another.<\/p> ","protected":false},"excerpt":{"rendered":"<p>Nous avons pr\u00e9sent\u00e9 le projet &#8220;les mathematiques un jeu d&#8217;enfant&#8221; le jeudi 4 juin 2015 au point\u00a0 Info Europa en face de la Commission Europ\u00e9enne. Voici l&#8217;ensemble de notre pr\u00e9sentation en images. Elle est d\u00e9coup\u00e9e en 11 chapitres, utilisez les outils de la playlist pour passer d&#8217;une vid\u00e9o \u00e0 l&#8217;autre. We presented the project\u00a0\u201cMathematics, a [&hellip;]<\/p>\n","protected":false},"author":3,"featured_media":0,"parent":52,"menu_order":0,"comment_status":"closed","ping_status":"closed","template":"","meta":{"footnotes":""},"class_list":["post-1905","page","type-page","status-publish","hentry"],"_links":{"self":[{"href":"https:\/\/comeniusmathematiques.portail15.fr\/index.php?rest_route=\/wp\/v2\/pages\/1905","targetHints":{"allow":["GET"]}}],"collection":[{"href":"https:\/\/comeniusmathematiques.portail15.fr\/index.php?rest_route=\/wp\/v2\/pages"}],"about":[{"href":"https:\/\/comeniusmathematiques.portail15.fr\/index.php?rest_route=\/wp\/v2\/types\/page"}],"author":[{"embeddable":true,"href":"https:\/\/comeniusmathematiques.portail15.fr\/index.php?rest_route=\/wp\/v2\/users\/3"}],"replies":[{"embeddable":true,"href":"https:\/\/comeniusmathematiques.portail15.fr\/index.php?rest_route=%2Fwp%2Fv2%2Fcomments&post=1905"}],"version-history":[{"count":3,"href":"https:\/\/comeniusmathematiques.portail15.fr\/index.php?rest_route=\/wp\/v2\/pages\/1905\/revisions"}],"predecessor-version":[{"id":1912,"href":"https:\/\/comeniusmathematiques.portail15.fr\/index.php?rest_route=\/wp\/v2\/pages\/1905\/revisions\/1912"}],"up":[{"embeddable":true,"href":"https:\/\/comeniusmathematiques.portail15.fr\/index.php?rest_route=\/wp\/v2\/pages\/52"}],"wp:attachment":[{"href":"https:\/\/comeniusmathematiques.portail15.fr\/index.php?rest_route=%2Fwp%2Fv2%2Fmedia&parent=1905"}],"curies":[{"name":"wp","href":"https:\/\/api.w.org\/{rel}","templated":true}]}}