{"id":257,"date":"2014-05-26T09:02:15","date_gmt":"2014-05-26T09:02:15","guid":{"rendered":"http:\/\/portail15.fr\/comeniusmathematiques\/?page_id=257"},"modified":"2015-09-29T12:07:46","modified_gmt":"2015-09-29T12:07:46","slug":"decembre-2013","status":"publish","type":"page","link":"https:\/\/comeniusmathematiques.portail15.fr\/?page_id=257","title":{"rendered":"D\u00e9cembre 3"},"content":{"rendered":"<h3>Les travaux des diff\u00e9rentes \u00e9coles partenaires pour le mois de d\u00e9cembre.<\/h3> <p><iframe src=\"\/\/docs.google.com\/viewer?url=https%3A%2F%2Fcomeniusmathematiques.portail15.fr%2Fwp-content%2Fuploads%2F2014%2F05%2F03-D%C3%A9cembre-b.pdf&hl=fr&embedded=true\" class=\"gde-frame\" style=\"width:100%; height:500px; border: none;\" scrolling=\"no\"><\/iframe>\n<p class=\"gde-text\"><a href=\"https:\/\/comeniusmathematiques.portail15.fr\/wp-content\/uploads\/2014\/05\/03-D\u00e9cembre-b.pdf\" class=\"gde-link\">T\u00e9l\u00e9charger (PDF, 1.46MB)<\/a><\/p><\/p> ","protected":false},"excerpt":{"rendered":"<p>Les travaux des diff\u00e9rentes \u00e9coles partenaires pour le mois de d\u00e9cembre.<\/p>\n","protected":false},"author":3,"featured_media":0,"parent":13,"menu_order":3,"comment_status":"closed","ping_status":"closed","template":"","meta":{"footnotes":""},"class_list":["post-257","page","type-page","status-publish","hentry"],"_links":{"self":[{"href":"https:\/\/comeniusmathematiques.portail15.fr\/index.php?rest_route=\/wp\/v2\/pages\/257","targetHints":{"allow":["GET"]}}],"collection":[{"href":"https:\/\/comeniusmathematiques.portail15.fr\/index.php?rest_route=\/wp\/v2\/pages"}],"about":[{"href":"https:\/\/comeniusmathematiques.portail15.fr\/index.php?rest_route=\/wp\/v2\/types\/page"}],"author":[{"embeddable":true,"href":"https:\/\/comeniusmathematiques.portail15.fr\/index.php?rest_route=\/wp\/v2\/users\/3"}],"replies":[{"embeddable":true,"href":"https:\/\/comeniusmathematiques.portail15.fr\/index.php?rest_route=%2Fwp%2Fv2%2Fcomments&post=257"}],"version-history":[{"count":5,"href":"https:\/\/comeniusmathematiques.portail15.fr\/index.php?rest_route=\/wp\/v2\/pages\/257\/revisions"}],"predecessor-version":[{"id":1976,"href":"https:\/\/comeniusmathematiques.portail15.fr\/index.php?rest_route=\/wp\/v2\/pages\/257\/revisions\/1976"}],"up":[{"embeddable":true,"href":"https:\/\/comeniusmathematiques.portail15.fr\/index.php?rest_route=\/wp\/v2\/pages\/13"}],"wp:attachment":[{"href":"https:\/\/comeniusmathematiques.portail15.fr\/index.php?rest_route=%2Fwp%2Fv2%2Fmedia&parent=257"}],"curies":[{"name":"wp","href":"https:\/\/api.w.org\/{rel}","templated":true}]}}